{"id":137,"date":"2026-02-23T20:23:14","date_gmt":"2026-02-23T20:23:14","guid":{"rendered":"https:\/\/go24horeca.com\/?post_type=product&#038;p=137"},"modified":"2026-04-16T18:06:07","modified_gmt":"2026-04-16T18:06:07","slug":"ebrayn-polish-car-wax-silikonlu-hizli-cila-yuksek-parlaklik-ve-koruma-500-ml","status":"publish","type":"product","link":"https:\/\/go24horeca.com\/mne\/\u043f\u0440\u043e\u0438\u0437\u0432\u043e\u0434\/ebrayn-polish-car-wax-silikonlu-hizli-cila-yuksek-parlaklik-ve-koruma-500-ml\/","title":{"rendered":"EBRAYN Polish Car Wax Silikonlu H\u0131zl\u0131 Cila \u2013 Y\u00fcksek Parlakl\u0131k ve Koruma 500 ml"},"content":{"rendered":"<p data-end=\"902\" data-start=\"588\">EBRAYN Polish Car Wax Silikonlu Cila, arac\u0131n\u0131z\u0131n boyas\u0131na derin parlakl\u0131k kazand\u0131rmak ve y\u00fczeyi koruma alt\u0131na almak i\u00e7in geli\u015ftirilmi\u015f y\u00fcksek performansl\u0131 bir oto cila \u00fcr\u00fcn\u00fcd\u00fcr. Silikon katk\u0131l\u0131 \u00f6zel form\u00fcl\u00fc sayesinde hem temizler hem de y\u00fczeye koruyucu bir tabaka olu\u015fturarak uzun s\u00fcre dayan\u0131kl\u0131 parlakl\u0131k sunar.<\/p>\n<p data-end=\"1088\" data-start=\"904\">\u2714 Boya y\u00fczeyindeki hafif \u00e7izikleri ve mat g\u00f6r\u00fcn\u00fcm\u00fc azalt\u0131r.<br data-end=\"966\" data-start=\"963\" \/>\u2714 UV \u0131\u015f\u0131nlar\u0131na kar\u015f\u0131 koruma sa\u011flar.<br data-end=\"1005\" data-start=\"1002\" \/>\u2714 Uygulamas\u0131 kolayd\u0131r, iz yapmaz.<br data-end=\"1041\" data-start=\"1038\" \/>\u2714 T\u00fcm renk ve tip ara\u00e7 boyalar\u0131yla uyumludur.<\/p>\n<p data-end=\"1211\" data-start=\"1090\">Arac\u0131na h\u0131zl\u0131 bak\u0131m yapmak, parlakl\u0131k vermek ve d\u0131\u015f etkenlere kar\u015f\u0131 korumak isteyen kullan\u0131c\u0131lar i\u00e7in ideal bir \u00e7\u00f6z\u00fcmd\u00fcr.<\/p>","protected":false},"excerpt":{"rendered":"<p>Polish car wax silikonlu h\u0131z\u0131 cila<\/p>","protected":false},"featured_media":138,"comment_status":"open","ping_status":"closed","template":"","meta":{"site-sidebar-layout":"default","site-content-layout":"","ast-site-content-layout":"default","site-content-style":"default","site-sidebar-style":"default","ast-global-header-display":"","ast-banner-title-visibility":"","ast-main-header-display":"","ast-hfb-above-header-display":"","ast-hfb-below-header-display":"","ast-hfb-mobile-header-display":"","site-post-title":"","ast-breadcrumbs-content":"","ast-featured-img":"","footer-sml-layout":"","ast-disable-related-posts":"","theme-transparent-header-meta":"default","adv-header-id-meta":"","stick-header-meta":"","header-above-stick-meta":"","header-main-stick-meta":"","header-below-stick-meta":"","astra-migrate-meta-layouts":"set","ast-page-background-enabled":"default","ast-page-background-meta":{"desktop":{"background-color":"var(--ast-global-color-5)","background-image":"","background-repeat":"repeat","background-position":"center center","background-size":"auto","background-attachment":"scroll","background-type":"","background-media":"","overlay-type":"","overlay-color":"","overlay-opacity":"","overlay-gradient":""},"tablet":{"background-color":"","background-image":"","background-repeat":"repeat","background-position":"center center","background-size":"auto","background-attachment":"scroll","background-type":"","background-media":"","overlay-type":"","overlay-color":"","overlay-opacity":"","overlay-gradient":""},"mobile":{"background-color":"","background-image":"","background-repeat":"repeat","background-position":"center center","background-size":"auto","background-attachment":"scroll","background-type":"","background-media":"","overlay-type":"","overlay-color":"","overlay-opacity":"","overlay-gradient":""}},"ast-content-background-meta":{"desktop":{"background-color":"var(--ast-global-color-4)","background-image":"","background-repeat":"repeat","background-position":"center center","background-size":"auto","background-attachment":"scroll","background-type":"","background-media":"","overlay-type":"","overlay-color":"","overlay-opacity":"","overlay-gradient":""},"tablet":{"background-color":"var(--ast-global-color-4)","background-image":"","background-repeat":"repeat","background-position":"center center","background-size":"auto","background-attachment":"scroll","background-type":"","background-media":"","overlay-type":"","overlay-color":"","overlay-opacity":"","overlay-gradient":""},"mobile":{"background-color":"var(--ast-global-color-4)","background-image":"","background-repeat":"repeat","background-position":"center center","background-size":"auto","background-attachment":"scroll","background-type":"","background-media":"","overlay-type":"","overlay-color":"","overlay-opacity":"","overlay-gradient":""}}},"product_brand":[],"product_cat":[23,18],"product_tag":[],"class_list":{"0":"post-137","1":"product","2":"type-product","3":"status-publish","4":"has-post-thumbnail","6":"product_cat-hijyen-temizlik","7":"product_cat-crna-gora","8":"desktop-align-left","9":"tablet-align-left","10":"mobile-align-left","12":"first","13":"instock","14":"taxable","15":"shipping-taxable","16":"purchasable","17":"product-type-simple"},"_links":{"self":[{"href":"https:\/\/go24horeca.com\/mne\/wp-json\/wp\/v2\/product\/137","targetHints":{"allow":["GET"]}}],"collection":[{"href":"https:\/\/go24horeca.com\/mne\/wp-json\/wp\/v2\/product"}],"about":[{"href":"https:\/\/go24horeca.com\/mne\/wp-json\/wp\/v2\/types\/product"}],"replies":[{"embeddable":true,"href":"https:\/\/go24horeca.com\/mne\/wp-json\/wp\/v2\/comments?post=137"}],"wp:featuredmedia":[{"embeddable":true,"href":"https:\/\/go24horeca.com\/mne\/wp-json\/wp\/v2\/media\/138"}],"wp:attachment":[{"href":"https:\/\/go24horeca.com\/mne\/wp-json\/wp\/v2\/media?parent=137"}],"wp:term":[{"taxonomy":"product_brand","embeddable":true,"href":"https:\/\/go24horeca.com\/mne\/wp-json\/wp\/v2\/product_brand?post=137"},{"taxonomy":"product_cat","embeddable":true,"href":"https:\/\/go24horeca.com\/mne\/wp-json\/wp\/v2\/product_cat?post=137"},{"taxonomy":"product_tag","embeddable":true,"href":"https:\/\/go24horeca.com\/mne\/wp-json\/wp\/v2\/product_tag?post=137"}],"curies":[{"name":"wp","href":"https:\/\/api.w.org\/{rel}","templated":true}]}}